{"id":242251,"date":"2024-01-17T20:18:43","date_gmt":"2024-01-18T02:18:43","guid":{"rendered":"https:\/\/jhtaxlaw.com\/noticias\/"},"modified":"2024-11-10T17:17:38","modified_gmt":"2024-11-10T23:17:38","slug":"noticias","status":"publish","type":"page","link":"https:\/\/jhtaxlaw.com\/es\/noticias\/","title":{"rendered":"Noticias"},"content":{"rendered":"<p>[et_pb_section fb_built=&#8221;1&#8243; _builder_version=&#8221;4.27.3&#8243; _module_preset=&#8221;default&#8221; background_color=&#8221;RGBA(255,255,255,0)&#8221; background_image=&#8221;https:\/\/jhtaxlaw.com\/wp-content\/uploads\/2024\/02\/texturas-patrones-construccion-oficinas-1.webp&#8221; parallax=&#8221;on&#8221; custom_margin=&#8221;0px||0px||true|false&#8221; custom_padding=&#8221;0px||0px||true|false&#8221; custom_css_main_element=&#8221;height: 100vh;||display: flex;||flex-direction: row;||flex-wrap: wrap;||justify-content: center;||align-items: center;&#8221; border_radii=&#8221;off|||40px|40px&#8221; locked=&#8221;off&#8221; global_colors_info=&#8221;{}&#8221;][et_pb_row _builder_version=&#8221;4.24.0&#8243; _module_preset=&#8221;default&#8221; width=&#8221;100%&#8221; max_width=&#8221;100%&#8221; custom_margin=&#8221;0px||0px||true|false&#8221; custom_padding=&#8221;0px||0px||true|false&#8221; locked=&#8221;off&#8221; global_colors_info=&#8221;{}&#8221;][et_pb_column type=&#8221;4_4&#8243; _builder_version=&#8221;4.23.4&#8243; _module_preset=&#8221;default&#8221; global_colors_info=&#8221;{}&#8221;][et_pb_text content_tablet=&#8221;<\/p>\n<section class=%22marquee%22>\n<h1 class=%22text%22>Bienvenido a nuestras noticias jur\u00eddicas.<\/h1>\n<h1 class=%22text%22>Bienvenido a nuestras noticias jur\u00eddicas.<\/h1>\n<h1 class=%22text%22>Bienvenido a nuestras noticias jur\u00eddicas.<\/h1>\n<\/section>\n<p>&#8221; content_phone=&#8221;<\/p>\n<section class=%22marquee%22>\n<h1 class=%22text%22>Bienvenido a nuestras noticias jur\u00eddicas.<\/h1>\n<h1 class=%22text%22>Bienvenido a nuestras noticias jur\u00eddicas.<\/h1>\n<h1 class=%22text%22>Bienvenido a nuestras noticias jur\u00eddicas.<\/h1>\n<\/section>\n<p>&#8221; content_last_edited=&#8221;on|phone&#8221; module_class=&#8221;et_pb_animation_fade_in et-animated et-waypoint&#8221; _builder_version=&#8221;4.24.0&#8243; _module_preset=&#8221;default&#8221; text_text_color=&#8221;#FF0000&#8243; header_font=&#8221;|700|||||||&#8221; header_text_color=&#8221;#FF0000&#8243; header_font_size=&#8221;8vw&#8221; header_4_text_color=&#8221;#FF0000&#8243; custom_margin=&#8221;0px||0px||true|false&#8221; custom_padding=&#8221;0px||0px||true|false&#8221; header_font_size_tablet=&#8221;10vw&#8221; header_font_size_phone=&#8221;15vw&#8221; header_font_size_last_edited=&#8221;on|phone&#8221; global_colors_info=&#8221;{}&#8221; content__hover_enabled=&#8221;on|desktop&#8221; content__hover=&#8221;<\/p>\n<section class=%22marquee%22>\n<h1 class=%22text%22>Bienvenido a nuestras noticias jur\u00eddicas.<\/h1>\n<h1 class=%22text%22>Bienvenido a nuestras noticias jur\u00eddicas.<\/h1>\n<h1 class=%22text%22>Bienvenido a nuestras noticias jur\u00eddicas.<\/h1>\n<\/section>\n<p>&#8220;]<\/p>\n<section class=\"marquee\">\n<h1 class=\"text\">Bienvenido a nuestras noticias jur\u00eddicas.<\/h1>\n<h1 class=\"text\">Bienvenido a nuestras noticias jur\u00eddicas.<\/h1>\n<h1 class=\"text\">Bienvenido a nuestras noticias jur\u00eddicas.<\/h1>\n<\/section>\n<p>[\/et_pb_text][et_pb_text content_tablet=&#8221;<\/p>\n<section class=%22marquee%22>\n<h1 class=%22text%22>Bienvenido a nuestras noticias jur\u00eddicas.<\/h1>\n<h1 class=%22text%22>Bienvenido a nuestras noticias jur\u00eddicas.<\/h1>\n<h1 class=%22text%22>Bienvenido a nuestras noticias jur\u00eddicas.<\/h1>\n<\/section>\n<p>&#8221; content_phone=&#8221;<\/p>\n<section class=%22marquee%22>\n<h1 class=%22text%22>Bienvenido a nuestras noticias jur\u00eddicas.<\/h1>\n<h1 class=%22text%22>Bienvenido a nuestras noticias jur\u00eddicas.<\/h1>\n<h1 class=%22text%22>Bienvenido a nuestras noticias jur\u00eddicas.<\/h1>\n<\/section>\n<p>&#8221; content_last_edited=&#8221;on|phone&#8221; module_class=&#8221;et_pb_animation_fade_in et-animated et-waypoint&#8221; _builder_version=&#8221;4.24.0&#8243; _module_preset=&#8221;default&#8221; text_text_color=&#8221;#FF0000&#8243; header_font=&#8221;|700|||||||&#8221; header_text_color=&#8221;#ADADAD&#8221; header_font_size=&#8221;8vw&#8221; header_4_text_color=&#8221;#FF0000&#8243; custom_margin=&#8221;0px||0px||true|false&#8221; custom_padding=&#8221;0px||0px||true|false&#8221; header_font_size_tablet=&#8221;10vw&#8221; header_font_size_phone=&#8221;15vw&#8221; header_font_size_last_edited=&#8221;on|phone&#8221; global_colors_info=&#8221;{}&#8221; content__hover_enabled=&#8221;on|desktop&#8221; content__hover=&#8221;<\/p>\n<section class=%22marquee%22>\n<h1 class=%22text%22>Bienvenido a nuestras noticias jur\u00eddicas.<\/h1>\n<h1 class=%22text%22>Bienvenido a nuestras noticias jur\u00eddicas.<\/h1>\n<h1 class=%22text%22>Bienvenido a nuestras noticias jur\u00eddicas.<\/h1>\n<\/section>\n<p>&#8220;]<\/p>\n<section class=\"marquee\">\n<h1 class=\"text\">Bienvenido a nuestras noticias jur\u00eddicas.<\/h1>\n<h1 class=\"text\">Bienvenido a nuestras noticias jur\u00eddicas.<\/h1>\n<h1 class=\"text\">Bienvenido a nuestras noticias jur\u00eddicas.<\/h1>\n<\/section>\n<p>[\/et_pb_text][et_pb_text module_class=&#8221;et_pb_animation_bottom et-animated et-waypoint&#8221; _builder_version=&#8221;4.24.0&#8243; _module_preset=&#8221;default&#8221; header_2_font=&#8221;|700|||||||&#8221; header_2_text_color=&#8221;#FFFFFF&#8221; header_2_font_size=&#8221;1.2vw&#8221; header_2_letter_spacing=&#8221;1px&#8221; header_2_line_height=&#8221;1.1em&#8221; custom_margin=&#8221;0px||0px||true|false&#8221; custom_padding=&#8221;0px|50px|10px||false|false&#8221; custom_padding_tablet=&#8221;20px|20px|20px|20px|true|true&#8221; custom_padding_phone=&#8221;20px|20px|20px|20px|true|true&#8221; custom_padding_last_edited=&#8221;on|phone&#8221; header_2_font_size_tablet=&#8221;4vw&#8221; header_2_font_size_phone=&#8221;6vw&#8221; header_2_font_size_last_edited=&#8221;on|phone&#8221; background_color_tablet=&#8221;RGBA(255,255,255,0)&#8221; background_color_phone=&#8221;RGBA(255,255,255,0)&#8221; background_last_edited=&#8221;on|phone&#8221; background_enable_color_tablet=&#8221;on&#8221; background_enable_color_phone=&#8221;on&#8221; locked=&#8221;off&#8221; global_colors_info=&#8221;{}&#8221;]<\/p>\n<h2 style=\"text-align: right;\">Despl\u00e1cese para explorar<\/h2>\n<p>[\/et_pb_text][et_pb_icon font_icon=&#8221;&#xf063;||fa||900&#8243; icon_color=&#8221;#FF0000&#8243; icon_width=&#8221;26px&#8221; align=&#8221;right&#8221; module_class=&#8221;elemento-a-rebotar&#8221; _builder_version=&#8221;4.24.0&#8243; _module_preset=&#8221;default&#8221; custom_padding=&#8221;|50px|||false|false&#8221; locked=&#8221;off&#8221; global_colors_info=&#8221;{}&#8221;][\/et_pb_icon][\/et_pb_column][\/et_pb_row][\/et_pb_section][et_pb_section fb_built=&#8221;1&#8243; _builder_version=&#8221;4.27.3&#8243; _module_preset=&#8221;default&#8221; custom_margin=&#8221;0px||0px||true|false&#8221; custom_padding=&#8221;100px||0px||false|false&#8221; global_colors_info=&#8221;{}&#8221;][et_pb_row column_structure=&#8221;3_4,1_4&#8243; use_custom_gutter=&#8221;on&#8221; gutter_width=&#8221;2&#8243; _builder_version=&#8221;4.24.0&#8243; _module_preset=&#8221;default&#8221; width=&#8221;100%&#8221; max_width=&#8221;95%&#8221; custom_margin=&#8221;0px||0px||true|false&#8221; custom_padding=&#8221;0px||0px||true|false&#8221; locked=&#8221;off&#8221; global_colors_info=&#8221;{}&#8221;][et_pb_column type=&#8221;3_4&#8243; _builder_version=&#8221;4.24.0&#8243; _module_preset=&#8221;default&#8221; z_index=&#8221;0&#8243; global_colors_info=&#8221;{}&#8221; custom_css_main_element_last_edited=&#8221;on|tablet&#8221; custom_css_main_element_tablet=&#8221;order: 0;&#8221; custom_css_main_element_phone=&#8221;order: 0;&#8221;][et_pb_blog fullwidth=&#8221;off&#8221; posts_number=&#8221;100&#8243; include_categories=&#8221;all&#8221; show_author=&#8221;off&#8221; masonry_tile_background_color=&#8221;#242424&#8243; module_class=&#8221;et_blog_grid_equal_height et_pb_animation_fade_in et-animated et-waypoint&#8221; _builder_version=&#8221;4.24.0&#8243; _module_preset=&#8221;default&#8221; header_font=&#8221;|700|||||||&#8221; header_text_color=&#8221;#FF0000&#8243; header_font_size=&#8221;24px&#8221; body_text_color=&#8221;#FFFFFF&#8221; meta_text_color=&#8221;#ADADAD&#8221; background_color=&#8221;#242424&#8243; scroll_fade_enable=&#8221;on&#8221; header_font_size_last_edited=&#8221;off|desktop&#8221; border_width_all=&#8221;0px&#8221; border_radii_image=&#8221;off|20px|20px||&#8221; global_colors_info=&#8221;{}&#8221; header_font_size__hover_enabled=&#8221;on|desktop&#8221; header_text_color__hover_enabled=&#8221;on|hover&#8221; header_text_color__hover=&#8221;#ADADAD&#8221; header_font_size__hover=&#8221;24px&#8221; child_filter_saturate__hover_enabled=&#8221;on|hover&#8221; child_filter_saturate__hover=&#8221;0%&#8221;][\/et_pb_blog][\/et_pb_column][et_pb_column type=&#8221;1_4&#8243; _builder_version=&#8221;4.24.0&#8243; _module_preset=&#8221;default&#8221; background_color=&#8221;#E9E8E9&#8243; z_index=&#8221;0&#8243; custom_padding=&#8221;25px|28px|0px|28px|false|true&#8221; sticky_position=&#8221;top&#8221; sticky_offset_top=&#8221;80px&#8221; sticky_limit_bottom=&#8221;row&#8221; sticky_position_tablet=&#8221;none&#8221; sticky_position_phone=&#8221;none&#8221; sticky_position_last_edited=&#8221;on|tablet&#8221; border_radii=&#8221;on|10px|10px|10px|10px&#8221; border_color_all=&#8221;#E9E8E9&#8243; global_colors_info=&#8221;{}&#8221; custom_css_main_element_last_edited=&#8221;on|phone&#8221; custom_css_main_element_tablet=&#8221;order: 1;&#8221; custom_css_main_element_phone=&#8221;order: 2;&#8221;][et_pb_sidebar area=&#8221;sidebar-2&#8243; disabled_on=&#8221;off|off|off&#8221; _builder_version=&#8221;4.24.0&#8243; _module_preset=&#8221;default&#8221; header_font=&#8221;|700|||||||&#8221; header_text_color=&#8221;#FF0000&#8243; header_font_size=&#8221;1.5vw&#8221; body_font=&#8221;||||||||&#8221; body_text_color=&#8221;#242424&#8243; body_font_size=&#8221;1vw&#8221; scroll_fade_enable=&#8221;on&#8221; header_font_size_tablet=&#8221;3.5vw&#8221; header_font_size_phone=&#8221;7vw&#8221; header_font_size_last_edited=&#8221;on|phone&#8221; body_font_size_tablet=&#8221;2vw&#8221; body_font_size_phone=&#8221;5vw&#8221; body_font_size_last_edited=&#8221;on|phone&#8221; border_color_all=&#8221;#242424&#8243; border_color_right=&#8221;RGBA(255,255,255,0)&#8221; border_color_bottom=&#8221;#ADADAD&#8221; global_colors_info=&#8221;{}&#8221; body_text_color__hover_enabled=&#8221;on|hover&#8221; body_text_color__hover=&#8221;#FF0000&#8243;][\/et_pb_sidebar][et_pb_text _builder_version=&#8221;4.24.0&#8243; _module_preset=&#8221;default&#8221; header_3_font=&#8221;|700|||||||&#8221; header_3_text_color=&#8221;#FF0000&#8243; header_3_font_size=&#8221;1.5vw&#8221; header_3_font_size_tablet=&#8221;3.5vw&#8221; header_3_font_size_phone=&#8221;8vw&#8221; header_3_font_size_last_edited=&#8221;on|phone&#8221; border_width_bottom=&#8221;2px&#8221; border_color_bottom=&#8221;#ADADAD&#8221; global_colors_info=&#8221;{}&#8221;]<\/p>\n<h3>\u00daltimas noticias<\/h3>\n<p>[\/et_pb_text][et_pb_blog posts_number=&#8221;2&#8243; include_categories=&#8221;all&#8221; show_thumbnail=&#8221;off&#8221; use_manual_excerpt=&#8221;off&#8221; show_excerpt=&#8221;off&#8221; show_pagination=&#8221;off&#8221; _builder_version=&#8221;4.27.3&#8243; _module_preset=&#8221;default&#8221; header_text_color=&#8221;#242424&#8243; custom_margin=&#8221;0px||0px||true|false&#8221; custom_padding=&#8221;0px||0px||true|false&#8221; hover_enabled=&#8221;0&#8243; global_colors_info=&#8221;{}&#8221; header_text_color__hover_enabled=&#8221;on|hover&#8221; header_text_color__hover=&#8221;#FF0000&#8243; sticky_enabled=&#8221;0&#8243;][\/et_pb_blog][\/et_pb_column][\/et_pb_row][\/et_pb_section]<\/p>\n","protected":false},"excerpt":{"rendered":"<p>Bienvenido a nuestras noticias jur\u00eddicas. Bienvenido a nuestras noticias jur\u00eddicas. Bienvenido a nuestras noticias jur\u00eddicas. Bienvenido a nuestras noticias jur\u00eddicas. Bienvenido a nuestras noticias jur\u00eddicas. Bienvenido a nuestras noticias jur\u00eddicas. Despl\u00e1cese para explorar\u00daltimas noticias<\/p>\n","protected":false},"author":1,"featured_media":0,"parent":0,"menu_order":0,"comment_status":"closed","ping_status":"closed","template":"","meta":{"_et_pb_use_builder":"on","_et_pb_old_content":"","_et_gb_content_width":"","inline_featured_image":false,"footnotes":""},"class_list":["post-242251","page","type-page","status-publish","hentry"],"yoast_head":"<!-- This site is optimized with the Yoast SEO plugin v27.4 - https:\/\/yoast.com\/product\/yoast-seo-wordpress\/ -->\n<title>Noticias Tax Insight - JH Law PLLC<\/title>\n<meta name=\"description\" content=\"Encuentra las \u00faltimas noticias e informaci\u00f3n sobre temas jur\u00eddicos de todo el mundo, vis\u00edtanos y \u00fanete a News tax insight.\" \/>\n<meta name=\"robots\" content=\"index, follow, max-snippet:-1, max-image-preview:large, max-video-preview:-1\" \/>\n<link rel=\"canonical\" href=\"https:\/\/jhtaxlaw.com\/es\/noticias\/\" \/>\n<meta property=\"og:locale\" content=\"es_ES\" \/>\n<meta property=\"og:type\" content=\"article\" \/>\n<meta property=\"og:title\" content=\"Noticias Tax Insight - JH Law PLLC\" \/>\n<meta property=\"og:description\" content=\"Encuentra las \u00faltimas noticias e informaci\u00f3n sobre temas jur\u00eddicos de todo el mundo, vis\u00edtanos y \u00fanete a News tax insight.\" \/>\n<meta property=\"og:url\" content=\"https:\/\/jhtaxlaw.com\/es\/noticias\/\" \/>\n<meta property=\"og:site_name\" content=\"JH Law PLLC\" \/>\n<meta property=\"article:modified_time\" content=\"2024-11-10T23:17:38+00:00\" \/>\n<meta name=\"twitter:card\" content=\"summary_large_image\" \/>\n<meta name=\"twitter:label1\" content=\"Tiempo de lectura\" \/>\n\t<meta name=\"twitter:data1\" content=\"6 minutos\" \/>\n<script type=\"application\/ld+json\" class=\"yoast-schema-graph\">{\"@context\":\"https:\\\/\\\/schema.org\",\"@graph\":[{\"@type\":\"WebPage\",\"@id\":\"https:\\\/\\\/jhtaxlaw.com\\\/es\\\/noticias\\\/\",\"url\":\"https:\\\/\\\/jhtaxlaw.com\\\/es\\\/noticias\\\/\",\"name\":\"Noticias Tax Insight - JH Law PLLC\",\"isPartOf\":{\"@id\":\"https:\\\/\\\/jhtaxlaw.com\\\/es\\\/#website\"},\"datePublished\":\"2024-01-18T02:18:43+00:00\",\"dateModified\":\"2024-11-10T23:17:38+00:00\",\"description\":\"Encuentra las \u00faltimas noticias e informaci\u00f3n sobre temas jur\u00eddicos de todo el mundo, vis\u00edtanos y \u00fanete a News tax insight.\",\"breadcrumb\":{\"@id\":\"https:\\\/\\\/jhtaxlaw.com\\\/es\\\/noticias\\\/#breadcrumb\"},\"inLanguage\":\"es\",\"potentialAction\":[{\"@type\":\"ReadAction\",\"target\":[\"https:\\\/\\\/jhtaxlaw.com\\\/es\\\/noticias\\\/\"]}]},{\"@type\":\"BreadcrumbList\",\"@id\":\"https:\\\/\\\/jhtaxlaw.com\\\/es\\\/noticias\\\/#breadcrumb\",\"itemListElement\":[{\"@type\":\"ListItem\",\"position\":1,\"name\":\"Home\",\"item\":\"https:\\\/\\\/jhtaxlaw.com\\\/es\\\/inicio-jh-abogado-fiscal\\\/\"},{\"@type\":\"ListItem\",\"position\":2,\"name\":\"Noticias\"}]},{\"@type\":\"WebSite\",\"@id\":\"https:\\\/\\\/jhtaxlaw.com\\\/es\\\/#website\",\"url\":\"https:\\\/\\\/jhtaxlaw.com\\\/es\\\/\",\"name\":\"JH Law PLLC\",\"description\":\"Fernando Juarez Hern\u00e1dez, Tax Attorney\",\"publisher\":{\"@id\":\"https:\\\/\\\/jhtaxlaw.com\\\/es\\\/#organization\"},\"potentialAction\":[{\"@type\":\"SearchAction\",\"target\":{\"@type\":\"EntryPoint\",\"urlTemplate\":\"https:\\\/\\\/jhtaxlaw.com\\\/es\\\/?s={search_term_string}\"},\"query-input\":{\"@type\":\"PropertyValueSpecification\",\"valueRequired\":true,\"valueName\":\"search_term_string\"}}],\"inLanguage\":\"es\"},{\"@type\":\"Organization\",\"@id\":\"https:\\\/\\\/jhtaxlaw.com\\\/es\\\/#organization\",\"name\":\"JH Law PLLC\",\"url\":\"https:\\\/\\\/jhtaxlaw.com\\\/es\\\/\",\"logo\":{\"@type\":\"ImageObject\",\"inLanguage\":\"es\",\"@id\":\"https:\\\/\\\/jhtaxlaw.com\\\/es\\\/#\\\/schema\\\/logo\\\/image\\\/\",\"url\":\"https:\\\/\\\/jhtaxlaw.com\\\/wp-content\\\/uploads\\\/2024\\\/01\\\/LOGOHJ-NEGRO-1.png\",\"contentUrl\":\"https:\\\/\\\/jhtaxlaw.com\\\/wp-content\\\/uploads\\\/2024\\\/01\\\/LOGOHJ-NEGRO-1.png\",\"width\":1000,\"height\":270,\"caption\":\"JH Law PLLC\"},\"image\":{\"@id\":\"https:\\\/\\\/jhtaxlaw.com\\\/es\\\/#\\\/schema\\\/logo\\\/image\\\/\"}}]}<\/script>\n<!-- \/ Yoast SEO plugin. -->","yoast_head_json":{"title":"Noticias Tax Insight - JH Law PLLC","description":"Encuentra las \u00faltimas noticias e informaci\u00f3n sobre temas jur\u00eddicos de todo el mundo, vis\u00edtanos y \u00fanete a News tax insight.","robots":{"index":"index","follow":"follow","max-snippet":"max-snippet:-1","max-image-preview":"max-image-preview:large","max-video-preview":"max-video-preview:-1"},"canonical":"https:\/\/jhtaxlaw.com\/es\/noticias\/","og_locale":"es_ES","og_type":"article","og_title":"Noticias Tax Insight - JH Law PLLC","og_description":"Encuentra las \u00faltimas noticias e informaci\u00f3n sobre temas jur\u00eddicos de todo el mundo, vis\u00edtanos y \u00fanete a News tax insight.","og_url":"https:\/\/jhtaxlaw.com\/es\/noticias\/","og_site_name":"JH Law PLLC","article_modified_time":"2024-11-10T23:17:38+00:00","twitter_card":"summary_large_image","twitter_misc":{"Tiempo de lectura":"6 minutos"},"schema":{"@context":"https:\/\/schema.org","@graph":[{"@type":"WebPage","@id":"https:\/\/jhtaxlaw.com\/es\/noticias\/","url":"https:\/\/jhtaxlaw.com\/es\/noticias\/","name":"Noticias Tax Insight - JH Law PLLC","isPartOf":{"@id":"https:\/\/jhtaxlaw.com\/es\/#website"},"datePublished":"2024-01-18T02:18:43+00:00","dateModified":"2024-11-10T23:17:38+00:00","description":"Encuentra las \u00faltimas noticias e informaci\u00f3n sobre temas jur\u00eddicos de todo el mundo, vis\u00edtanos y \u00fanete a News tax insight.","breadcrumb":{"@id":"https:\/\/jhtaxlaw.com\/es\/noticias\/#breadcrumb"},"inLanguage":"es","potentialAction":[{"@type":"ReadAction","target":["https:\/\/jhtaxlaw.com\/es\/noticias\/"]}]},{"@type":"BreadcrumbList","@id":"https:\/\/jhtaxlaw.com\/es\/noticias\/#breadcrumb","itemListElement":[{"@type":"ListItem","position":1,"name":"Home","item":"https:\/\/jhtaxlaw.com\/es\/inicio-jh-abogado-fiscal\/"},{"@type":"ListItem","position":2,"name":"Noticias"}]},{"@type":"WebSite","@id":"https:\/\/jhtaxlaw.com\/es\/#website","url":"https:\/\/jhtaxlaw.com\/es\/","name":"JH Law PLLC","description":"Fernando Juarez Hern\u00e1dez, Tax Attorney","publisher":{"@id":"https:\/\/jhtaxlaw.com\/es\/#organization"},"potentialAction":[{"@type":"SearchAction","target":{"@type":"EntryPoint","urlTemplate":"https:\/\/jhtaxlaw.com\/es\/?s={search_term_string}"},"query-input":{"@type":"PropertyValueSpecification","valueRequired":true,"valueName":"search_term_string"}}],"inLanguage":"es"},{"@type":"Organization","@id":"https:\/\/jhtaxlaw.com\/es\/#organization","name":"JH Law PLLC","url":"https:\/\/jhtaxlaw.com\/es\/","logo":{"@type":"ImageObject","inLanguage":"es","@id":"https:\/\/jhtaxlaw.com\/es\/#\/schema\/logo\/image\/","url":"https:\/\/jhtaxlaw.com\/wp-content\/uploads\/2024\/01\/LOGOHJ-NEGRO-1.png","contentUrl":"https:\/\/jhtaxlaw.com\/wp-content\/uploads\/2024\/01\/LOGOHJ-NEGRO-1.png","width":1000,"height":270,"caption":"JH Law PLLC"},"image":{"@id":"https:\/\/jhtaxlaw.com\/es\/#\/schema\/logo\/image\/"}}]}},"_links":{"self":[{"href":"https:\/\/jhtaxlaw.com\/es\/wp-json\/wp\/v2\/pages\/242251","targetHints":{"allow":["GET"]}}],"collection":[{"href":"https:\/\/jhtaxlaw.com\/es\/wp-json\/wp\/v2\/pages"}],"about":[{"href":"https:\/\/jhtaxlaw.com\/es\/wp-json\/wp\/v2\/types\/page"}],"author":[{"embeddable":true,"href":"https:\/\/jhtaxlaw.com\/es\/wp-json\/wp\/v2\/users\/1"}],"replies":[{"embeddable":true,"href":"https:\/\/jhtaxlaw.com\/es\/wp-json\/wp\/v2\/comments?post=242251"}],"version-history":[{"count":13,"href":"https:\/\/jhtaxlaw.com\/es\/wp-json\/wp\/v2\/pages\/242251\/revisions"}],"predecessor-version":[{"id":243300,"href":"https:\/\/jhtaxlaw.com\/es\/wp-json\/wp\/v2\/pages\/242251\/revisions\/243300"}],"wp:attachment":[{"href":"https:\/\/jhtaxlaw.com\/es\/wp-json\/wp\/v2\/media?parent=242251"}],"curies":[{"name":"wp","href":"https:\/\/api.w.org\/{rel}","templated":true}]}}